{"id":32,"date":"2020-03-10T10:06:07","date_gmt":"2020-03-10T09:06:07","guid":{"rendered":"https:\/\/www.kons-spaw.pl\/?page_id=32"},"modified":"2020-09-22T09:19:35","modified_gmt":"2020-09-22T07:19:35","slug":"o-nas","status":"publish","type":"page","link":"https:\/\/www.kons-spaw.pl\/index.php\/o-nas\/","title":{"rendered":"O nas"},"content":{"rendered":"<p style=\"text-align: center;\"><span style=\"color: #000000;\"><span style=\"font-size: large;\">Pocz\u0105tki naszej firmy si\u0119gaj\u0105 1990 roku. Przesz\u0142o dwadzie\u015bcia pi\u0119\u0107 lat dzia\u0142alno\u015bci to okres zdobywania do\u015bwiadczenia w produkcji ocynkowanych drzwi do stacji transformatorowych. Bogata wiedza praktyczna gwarantuje wysok\u0105 jako\u015b\u0107 naszych us\u0142ug. Mamy do\u015bwiadczenie pozwalaj\u0105ce nam sprosta\u0107 oczekiwaniom prawie ka\u017cdego klienta.\u00a0<\/span><\/span><\/p>\n<p style=\"text-align: center;\">\u00a0<\/p>\n<p style=\"text-align: center;\"><span style=\"color: #000000;\"><span style=\"font-size: large;\">Ca\u0142a gama naszych drzwi wytwarzana jest zgodnie z normami polskimi\u00a0<\/span><span style=\"font-size: large;\"><br \/><\/span><span style=\"font-size: large;\">PN &#8211; EN 61330:2001, przy zastosowaniu najnowszych technologii. Posiadamy certyfikat jako\u015bci Instytutu Techniki Budowlanej &#8211; podkre\u015bla to nasz\u0105 wiarygodno\u015b\u0107 wobec klient\u00f3w, \u015bwiadczy o naszych umiej\u0119tno\u015bciach i wysokich kwalifikacjach.\u00a0<\/span><\/span><\/p>\n<p style=\"text-align: center;\"><span style=\"font-size: large; color: #000000;\">Dobieraj\u0105c odpowiednie materia\u0142y stworzyli\u015bmy nowoczesne i estetyczne rozwi\u0105zania k\u0142ad\u0105c szczeg\u00f3lny nacisk na po\u0142\u0105czenie bezpiecze\u0144stwa i trwa\u0142o\u015bci z komfortem i estetyk\u0105. Naszym klientom oferujemy kompleksow\u0105 obs\u0142ug\u0119 obejmuj\u0105c\u0105 doradztwo, monta\u017c i serwis naszych wyrob\u00f3w.\u00a0<\/span><\/p>\n<p style=\"text-align: center;\"><span style=\"font-size: large; color: #000000;\">Produkowane przez nas drzwi ocynkowane do stacji transformatorowych znalaz\u0142y uznanie u wielu odbiorc\u00f3w zar\u00f3wno w firmach energetycznych jak i w\u015br\u00f3d prywatnych klient\u00f3w.\u00a0<\/span><\/p>\n<p style=\"text-align: center;\"><span style=\"font-size: large; color: #000000;\">Wieloletnim odbiorcom naszych wyrob\u00f3w jest firma SCHEIDT POLSKA\/ENCO Energetyka, ciesz\u0105ca si\u0119 wysok\u0105 renom\u0105 na rynku krajowym i zagranic\u0105. Od wielu lat wsp\u00f3\u0142pracujemy r\u00f3wnie\u017c z firm\u0105 STOEN S.A. oferuj\u0105c specjalistyczne us\u0142ugi w bran\u017cy budowlanej, w zakresie remontu stacji transformatorowych i wymiany drzwi w tych stacjach.\u00a0<\/span><\/p>\n<p style=\"text-align: center;\"><span style=\"font-size: large; color: #000000;\">Du\u017ca r\u00f3\u017cnorodno\u015b\u0107, bogata kolorystyka, dowolne wymiary \u2013 to wszystko sprawia, \u017ce nasze drzwi mo\u017cna dopasowa\u0107 do ka\u017cdego otoczenia. Nieustannie wzbogacamy i modyfikujemy nasz\u0105 ofert\u0119 zgodnie z aktualnymi trendami. W oparciu o sugestie i opinie klient\u00f3w staramy si\u0119 dostosowa\u0107 standard naszych produkt\u00f3w do stale rosn\u0105cych wymaga\u0144.\u00a0<\/span><\/p>\n<p style=\"text-align: center;\"><span style=\"font-size: large; color: #000000;\">Wielu klient\u00f3w ponawia zam\u00f3wienia w naszej Firmie, co daje nam niew\u0105tpliw\u0105 satysfakcj\u0119, \u017ce nasi klienci odnosz\u0105 sukces.<\/span><\/p>\n\n\n<p><\/p>\n","protected":false},"excerpt":{"rendered":"<p>Pocz\u0105tki naszej firmy si\u0119gaj\u0105 1990 roku. Przesz\u0142o dwadzie\u015bcia pi\u0119\u0107 lat dzia\u0142alno\u015bci to okres zdobywania do\u015bwiadczenia w produkcji ocynkowanych drzwi do stacji transformatorowych. Bogata wiedza praktyczna gwarantuje wysok\u0105 jako\u015b\u0107 naszych us\u0142ug. Mamy do\u015bwiadczenie pozwalaj\u0105ce nam sprosta\u0107 oczekiwaniom prawie ka\u017cdego klienta.\u00a0 \u00a0 Ca\u0142a gama naszych drzwi wytwarzana jest zgodnie z normami polskimi\u00a0PN &#8211; EN 61330:2001, przy zastosowaniu&hellip; <br \/> <a class=\"read-more\" href=\"https:\/\/www.kons-spaw.pl\/index.php\/o-nas\/\">Dowiedz si\u0119 wi\u0119cej<\/a><\/p>\n","protected":false},"author":1,"featured_media":0,"parent":0,"menu_order":0,"comment_status":"closed","ping_status":"closed","template":"","meta":{"footnotes":""},"class_list":["post-32","page","type-page","status-publish","hentry"],"yoast_head":"<!-- This site is optimized with the Yoast SEO plugin v27.5 - https:\/\/yoast.com\/product\/yoast-seo-wordpress\/ -->\n<title>O nas &#8211; KONS-SPAW<\/title>\n<meta name=\"description\" content=\"Pocz\u0105tki naszej firmy si\u0119gaj\u0105 1990 roku. Przesz\u0142o dwadzie\u015bcia pi\u0119\u0107 lat dzia\u0142alno\u015bci to okres zdobywania do\u015bwiadczenia w produkcji ocynkowanych drzwi do stacji transformatorowych.\" \/>\n<meta name=\"robots\" content=\"index, follow, max-snippet:-1, max-image-preview:large, max-video-preview:-1\" \/>\n<link rel=\"canonical\" href=\"https:\/\/www.kons-spaw.pl\/index.php\/o-nas\/\" \/>\n<meta property=\"og:locale\" content=\"pl_PL\" \/>\n<meta property=\"og:type\" content=\"article\" \/>\n<meta property=\"og:title\" content=\"O nas &#8211; KONS-SPAW\" \/>\n<meta property=\"og:description\" content=\"Pocz\u0105tki naszej firmy si\u0119gaj\u0105 1990 roku. Przesz\u0142o dwadzie\u015bcia pi\u0119\u0107 lat dzia\u0142alno\u015bci to okres zdobywania do\u015bwiadczenia w produkcji ocynkowanych drzwi do stacji transformatorowych.\" \/>\n<meta property=\"og:url\" content=\"https:\/\/www.kons-spaw.pl\/index.php\/o-nas\/\" \/>\n<meta property=\"og:site_name\" content=\"KONS-SPAW\" \/>\n<meta property=\"article:modified_time\" content=\"2020-09-22T07:19:35+00:00\" \/>\n<meta name=\"twitter:card\" content=\"summary_large_image\" \/>\n<meta name=\"twitter:label1\" content=\"Szacowany czas czytania\" \/>\n\t<meta name=\"twitter:data1\" content=\"1 minuta\" \/>\n<script type=\"application\/ld+json\" class=\"yoast-schema-graph\">{\"@context\":\"https:\\\/\\\/schema.org\",\"@graph\":[{\"@type\":\"WebPage\",\"@id\":\"https:\\\/\\\/www.kons-spaw.pl\\\/index.php\\\/o-nas\\\/\",\"url\":\"https:\\\/\\\/www.kons-spaw.pl\\\/index.php\\\/o-nas\\\/\",\"name\":\"O nas &#8211; KONS-SPAW\",\"isPartOf\":{\"@id\":\"https:\\\/\\\/www.kons-spaw.pl\\\/#website\"},\"datePublished\":\"2020-03-10T09:06:07+00:00\",\"dateModified\":\"2020-09-22T07:19:35+00:00\",\"description\":\"Pocz\u0105tki naszej firmy si\u0119gaj\u0105 1990 roku. Przesz\u0142o dwadzie\u015bcia pi\u0119\u0107 lat dzia\u0142alno\u015bci to okres zdobywania do\u015bwiadczenia w produkcji ocynkowanych drzwi do stacji transformatorowych.\",\"breadcrumb\":{\"@id\":\"https:\\\/\\\/www.kons-spaw.pl\\\/index.php\\\/o-nas\\\/#breadcrumb\"},\"inLanguage\":\"pl-PL\",\"potentialAction\":[{\"@type\":\"ReadAction\",\"target\":[\"https:\\\/\\\/www.kons-spaw.pl\\\/index.php\\\/o-nas\\\/\"]}]},{\"@type\":\"BreadcrumbList\",\"@id\":\"https:\\\/\\\/www.kons-spaw.pl\\\/index.php\\\/o-nas\\\/#breadcrumb\",\"itemListElement\":[{\"@type\":\"ListItem\",\"position\":1,\"name\":\"Strona g\u0142\u00f3wna\",\"item\":\"https:\\\/\\\/www.kons-spaw.pl\\\/\"},{\"@type\":\"ListItem\",\"position\":2,\"name\":\"O nas\"}]},{\"@type\":\"WebSite\",\"@id\":\"https:\\\/\\\/www.kons-spaw.pl\\\/#website\",\"url\":\"https:\\\/\\\/www.kons-spaw.pl\\\/\",\"name\":\"Drzwi do stacji transformatorowych\",\"description\":\"Drzwi do stacji transformatorowych\",\"publisher\":{\"@id\":\"https:\\\/\\\/www.kons-spaw.pl\\\/#organization\"},\"potentialAction\":[{\"@type\":\"SearchAction\",\"target\":{\"@type\":\"EntryPoint\",\"urlTemplate\":\"https:\\\/\\\/www.kons-spaw.pl\\\/?s={search_term_string}\"},\"query-input\":{\"@type\":\"PropertyValueSpecification\",\"valueRequired\":true,\"valueName\":\"search_term_string\"}}],\"inLanguage\":\"pl-PL\"},{\"@type\":\"Organization\",\"@id\":\"https:\\\/\\\/www.kons-spaw.pl\\\/#organization\",\"name\":\"KONS-SPAW\",\"url\":\"https:\\\/\\\/www.kons-spaw.pl\\\/\",\"logo\":{\"@type\":\"ImageObject\",\"inLanguage\":\"pl-PL\",\"@id\":\"https:\\\/\\\/www.kons-spaw.pl\\\/#\\\/schema\\\/logo\\\/image\\\/\",\"url\":\"https:\\\/\\\/www.kons-spaw.pl\\\/wp-content\\\/uploads\\\/2020\\\/09\\\/znak.jpg\",\"contentUrl\":\"https:\\\/\\\/www.kons-spaw.pl\\\/wp-content\\\/uploads\\\/2020\\\/09\\\/znak.jpg\",\"width\":199,\"height\":84,\"caption\":\"KONS-SPAW\"},\"image\":{\"@id\":\"https:\\\/\\\/www.kons-spaw.pl\\\/#\\\/schema\\\/logo\\\/image\\\/\"}}]}<\/script>\n<!-- \/ Yoast SEO plugin. -->","yoast_head_json":{"title":"O nas &#8211; KONS-SPAW","description":"Pocz\u0105tki naszej firmy si\u0119gaj\u0105 1990 roku. Przesz\u0142o dwadzie\u015bcia pi\u0119\u0107 lat dzia\u0142alno\u015bci to okres zdobywania do\u015bwiadczenia w produkcji ocynkowanych drzwi do stacji transformatorowych.","robots":{"index":"index","follow":"follow","max-snippet":"max-snippet:-1","max-image-preview":"max-image-preview:large","max-video-preview":"max-video-preview:-1"},"canonical":"https:\/\/www.kons-spaw.pl\/index.php\/o-nas\/","og_locale":"pl_PL","og_type":"article","og_title":"O nas &#8211; KONS-SPAW","og_description":"Pocz\u0105tki naszej firmy si\u0119gaj\u0105 1990 roku. Przesz\u0142o dwadzie\u015bcia pi\u0119\u0107 lat dzia\u0142alno\u015bci to okres zdobywania do\u015bwiadczenia w produkcji ocynkowanych drzwi do stacji transformatorowych.","og_url":"https:\/\/www.kons-spaw.pl\/index.php\/o-nas\/","og_site_name":"KONS-SPAW","article_modified_time":"2020-09-22T07:19:35+00:00","twitter_card":"summary_large_image","twitter_misc":{"Szacowany czas czytania":"1 minuta"},"schema":{"@context":"https:\/\/schema.org","@graph":[{"@type":"WebPage","@id":"https:\/\/www.kons-spaw.pl\/index.php\/o-nas\/","url":"https:\/\/www.kons-spaw.pl\/index.php\/o-nas\/","name":"O nas &#8211; KONS-SPAW","isPartOf":{"@id":"https:\/\/www.kons-spaw.pl\/#website"},"datePublished":"2020-03-10T09:06:07+00:00","dateModified":"2020-09-22T07:19:35+00:00","description":"Pocz\u0105tki naszej firmy si\u0119gaj\u0105 1990 roku. Przesz\u0142o dwadzie\u015bcia pi\u0119\u0107 lat dzia\u0142alno\u015bci to okres zdobywania do\u015bwiadczenia w produkcji ocynkowanych drzwi do stacji transformatorowych.","breadcrumb":{"@id":"https:\/\/www.kons-spaw.pl\/index.php\/o-nas\/#breadcrumb"},"inLanguage":"pl-PL","potentialAction":[{"@type":"ReadAction","target":["https:\/\/www.kons-spaw.pl\/index.php\/o-nas\/"]}]},{"@type":"BreadcrumbList","@id":"https:\/\/www.kons-spaw.pl\/index.php\/o-nas\/#breadcrumb","itemListElement":[{"@type":"ListItem","position":1,"name":"Strona g\u0142\u00f3wna","item":"https:\/\/www.kons-spaw.pl\/"},{"@type":"ListItem","position":2,"name":"O nas"}]},{"@type":"WebSite","@id":"https:\/\/www.kons-spaw.pl\/#website","url":"https:\/\/www.kons-spaw.pl\/","name":"Drzwi do stacji transformatorowych","description":"Drzwi do stacji transformatorowych","publisher":{"@id":"https:\/\/www.kons-spaw.pl\/#organization"},"potentialAction":[{"@type":"SearchAction","target":{"@type":"EntryPoint","urlTemplate":"https:\/\/www.kons-spaw.pl\/?s={search_term_string}"},"query-input":{"@type":"PropertyValueSpecification","valueRequired":true,"valueName":"search_term_string"}}],"inLanguage":"pl-PL"},{"@type":"Organization","@id":"https:\/\/www.kons-spaw.pl\/#organization","name":"KONS-SPAW","url":"https:\/\/www.kons-spaw.pl\/","logo":{"@type":"ImageObject","inLanguage":"pl-PL","@id":"https:\/\/www.kons-spaw.pl\/#\/schema\/logo\/image\/","url":"https:\/\/www.kons-spaw.pl\/wp-content\/uploads\/2020\/09\/znak.jpg","contentUrl":"https:\/\/www.kons-spaw.pl\/wp-content\/uploads\/2020\/09\/znak.jpg","width":199,"height":84,"caption":"KONS-SPAW"},"image":{"@id":"https:\/\/www.kons-spaw.pl\/#\/schema\/logo\/image\/"}}]}},"_links":{"self":[{"href":"https:\/\/www.kons-spaw.pl\/index.php\/wp-json\/wp\/v2\/pages\/32","targetHints":{"allow":["GET"]}}],"collection":[{"href":"https:\/\/www.kons-spaw.pl\/index.php\/wp-json\/wp\/v2\/pages"}],"about":[{"href":"https:\/\/www.kons-spaw.pl\/index.php\/wp-json\/wp\/v2\/types\/page"}],"author":[{"embeddable":true,"href":"https:\/\/www.kons-spaw.pl\/index.php\/wp-json\/wp\/v2\/users\/1"}],"replies":[{"embeddable":true,"href":"https:\/\/www.kons-spaw.pl\/index.php\/wp-json\/wp\/v2\/comments?post=32"}],"version-history":[{"count":5,"href":"https:\/\/www.kons-spaw.pl\/index.php\/wp-json\/wp\/v2\/pages\/32\/revisions"}],"predecessor-version":[{"id":430,"href":"https:\/\/www.kons-spaw.pl\/index.php\/wp-json\/wp\/v2\/pages\/32\/revisions\/430"}],"wp:attachment":[{"href":"https:\/\/www.kons-spaw.pl\/index.php\/wp-json\/wp\/v2\/media?parent=32"}],"curies":[{"name":"wp","href":"https:\/\/api.w.org\/{rel}","templated":true}]}}